{"id":109,"date":"2015-06-01T09:07:37","date_gmt":"2015-06-01T11:07:37","guid":{"rendered":"http:\/\/infavorem.lt\/?page_id=109"},"modified":"2015-06-01T10:01:18","modified_gmt":"2015-06-01T12:01:18","slug":"contacts","status":"publish","type":"page","link":"https:\/\/infavorem.lt\/en\/contacts\/","title":{"rendered":"Contacts"},"content":{"rendered":"<p><strong>UAB \u201cIn Favorem\u201d<\/strong><br \/>\nLiep\u0173 g.5 , LT-92138 Klaip\u0117da<br \/>\n\u012emon\u0117s kodas: 163700497<br \/>\nPVM mok\u0117tojo kodas: LT 637004917<br \/>\nAtsiskaitomoji s\u0105skaita: LT54 7044 0600 0058 8013<\/p>\n<p><strong>Direktor\u0117 Irta Vai\u010dekauskien\u0117<\/strong><br \/>\nTel.: 8658-00998<br \/>\nEl.pa\u0161tas: <a href=\"mailto:irta@infavorem.lt\">irta@infavorem.lt<\/a><\/p>\n","protected":false},"excerpt":{"rendered":"<p>UAB \u201cIn Favorem\u201d Liep\u0173 g.5 , LT-92138 Klaip\u0117da \u012emon\u0117s kodas: 163700497 PVM mok\u0117tojo kodas: LT 637004917 Atsiskaitomoji s\u0105skaita: LT54 7044 0600 0058 8013 Direktor\u0117 Irta Vai\u010dekauskien\u0117 Tel.: 8658-00998 El.pa\u0161tas: irta@infavorem.lt<\/p>\n","protected":false},"author":1,"featured_media":0,"parent":0,"menu_order":4,"comment_status":"open","ping_status":"open","template":"kontaktai.php","meta":{"footnotes":"","_links_to":"","_links_to_target":""},"yoast_head":"<!-- This site is optimized with the Yoast SEO plugin v22.9 - https:\/\/yoast.com\/wordpress\/plugins\/seo\/ -->\n<title>Contacts | Liep\u0173 5<\/title>\n<meta name=\"robots\" content=\"index, follow, max-snippet:-1, max-image-preview:large, max-video-preview:-1\" \/>\n<link rel=\"canonical\" href=\"https:\/\/infavorem.lt\/en\/contacts\/\" \/>\n<meta property=\"og:locale\" content=\"en_US\" \/>\n<meta property=\"og:type\" content=\"article\" \/>\n<meta property=\"og:title\" content=\"Contacts | Liep\u0173 5\" \/>\n<meta property=\"og:description\" content=\"UAB \u201cIn Favorem\u201d Liep\u0173 g.5 , LT-92138 Klaip\u0117da \u012emon\u0117s kodas: 163700497 PVM mok\u0117tojo kodas: LT 637004917 Atsiskaitomoji s\u0105skaita: LT54 7044 0600 0058 8013 Direktor\u0117 Irta Vai\u010dekauskien\u0117 Tel.: 8658-00998 El.pa\u0161tas: irta@infavorem.lt\" \/>\n<meta property=\"og:url\" content=\"https:\/\/infavorem.lt\/en\/contacts\/\" \/>\n<meta property=\"og:site_name\" content=\"Liep\u0173 5\" \/>\n<meta property=\"article:modified_time\" content=\"2015-06-01T12:01:18+00:00\" \/>\n<meta name=\"twitter:card\" content=\"summary_large_image\" \/>\n<script type=\"application\/ld+json\" class=\"yoast-schema-graph\">{\"@context\":\"https:\/\/schema.org\",\"@graph\":[{\"@type\":\"WebPage\",\"@id\":\"https:\/\/infavorem.lt\/en\/contacts\/\",\"url\":\"https:\/\/infavorem.lt\/en\/contacts\/\",\"name\":\"Contacts | Liep\u0173 5\",\"isPartOf\":{\"@id\":\"https:\/\/infavorem.lt\/#website\"},\"datePublished\":\"2015-06-01T11:07:37+00:00\",\"dateModified\":\"2015-06-01T12:01:18+00:00\",\"breadcrumb\":{\"@id\":\"https:\/\/infavorem.lt\/en\/contacts\/#breadcrumb\"},\"inLanguage\":\"en-US\",\"potentialAction\":[{\"@type\":\"ReadAction\",\"target\":[\"https:\/\/infavorem.lt\/en\/contacts\/\"]}]},{\"@type\":\"BreadcrumbList\",\"@id\":\"https:\/\/infavorem.lt\/en\/contacts\/#breadcrumb\",\"itemListElement\":[{\"@type\":\"ListItem\",\"position\":1,\"name\":\"Home\",\"item\":\"https:\/\/infavorem.lt\/\"},{\"@type\":\"ListItem\",\"position\":2,\"name\":\"Contacts\"}]},{\"@type\":\"WebSite\",\"@id\":\"https:\/\/infavorem.lt\/#website\",\"url\":\"https:\/\/infavorem.lt\/\",\"name\":\"Liep\u0173 5\",\"description\":\"Verslo centras Klaip\u0117doje\",\"potentialAction\":[{\"@type\":\"SearchAction\",\"target\":{\"@type\":\"EntryPoint\",\"urlTemplate\":\"https:\/\/infavorem.lt\/?s={search_term_string}\"},\"query-input\":\"required name=search_term_string\"}],\"inLanguage\":\"en-US\"}]}<\/script>\n<!-- \/ Yoast SEO plugin. -->","yoast_head_json":{"title":"Contacts | Liep\u0173 5","robots":{"index":"index","follow":"follow","max-snippet":"max-snippet:-1","max-image-preview":"max-image-preview:large","max-video-preview":"max-video-preview:-1"},"canonical":"https:\/\/infavorem.lt\/en\/contacts\/","og_locale":"en_US","og_type":"article","og_title":"Contacts | Liep\u0173 5","og_description":"UAB \u201cIn Favorem\u201d Liep\u0173 g.5 , LT-92138 Klaip\u0117da \u012emon\u0117s kodas: 163700497 PVM mok\u0117tojo kodas: LT 637004917 Atsiskaitomoji s\u0105skaita: LT54 7044 0600 0058 8013 Direktor\u0117 Irta Vai\u010dekauskien\u0117 Tel.: 8658-00998 El.pa\u0161tas: irta@infavorem.lt","og_url":"https:\/\/infavorem.lt\/en\/contacts\/","og_site_name":"Liep\u0173 5","article_modified_time":"2015-06-01T12:01:18+00:00","twitter_card":"summary_large_image","schema":{"@context":"https:\/\/schema.org","@graph":[{"@type":"WebPage","@id":"https:\/\/infavorem.lt\/en\/contacts\/","url":"https:\/\/infavorem.lt\/en\/contacts\/","name":"Contacts | Liep\u0173 5","isPartOf":{"@id":"https:\/\/infavorem.lt\/#website"},"datePublished":"2015-06-01T11:07:37+00:00","dateModified":"2015-06-01T12:01:18+00:00","breadcrumb":{"@id":"https:\/\/infavorem.lt\/en\/contacts\/#breadcrumb"},"inLanguage":"en-US","potentialAction":[{"@type":"ReadAction","target":["https:\/\/infavorem.lt\/en\/contacts\/"]}]},{"@type":"BreadcrumbList","@id":"https:\/\/infavorem.lt\/en\/contacts\/#breadcrumb","itemListElement":[{"@type":"ListItem","position":1,"name":"Home","item":"https:\/\/infavorem.lt\/"},{"@type":"ListItem","position":2,"name":"Contacts"}]},{"@type":"WebSite","@id":"https:\/\/infavorem.lt\/#website","url":"https:\/\/infavorem.lt\/","name":"Liep\u0173 5","description":"Verslo centras Klaip\u0117doje","potentialAction":[{"@type":"SearchAction","target":{"@type":"EntryPoint","urlTemplate":"https:\/\/infavorem.lt\/?s={search_term_string}"},"query-input":"required name=search_term_string"}],"inLanguage":"en-US"}]}},"_links":{"self":[{"href":"https:\/\/infavorem.lt\/en\/wp-json\/wp\/v2\/pages\/109"}],"collection":[{"href":"https:\/\/infavorem.lt\/en\/wp-json\/wp\/v2\/pages"}],"about":[{"href":"https:\/\/infavorem.lt\/en\/wp-json\/wp\/v2\/types\/page"}],"author":[{"embeddable":true,"href":"https:\/\/infavorem.lt\/en\/wp-json\/wp\/v2\/users\/1"}],"replies":[{"embeddable":true,"href":"https:\/\/infavorem.lt\/en\/wp-json\/wp\/v2\/comments?post=109"}],"version-history":[{"count":2,"href":"https:\/\/infavorem.lt\/en\/wp-json\/wp\/v2\/pages\/109\/revisions"}],"predecessor-version":[{"id":111,"href":"https:\/\/infavorem.lt\/en\/wp-json\/wp\/v2\/pages\/109\/revisions\/111"}],"wp:attachment":[{"href":"https:\/\/infavorem.lt\/en\/wp-json\/wp\/v2\/media?parent=109"}],"curies":[{"name":"wp","href":"https:\/\/api.w.org\/{rel}","templated":true}]}}